{"id":7478,"date":"2020-03-05T00:31:46","date_gmt":"2020-03-04T21:31:46","guid":{"rendered":"http:\/\/www.technoiseradio.com\/?page_id=7478"},"modified":"2024-12-07T19:32:10","modified_gmt":"2024-12-07T16:32:10","slug":"about-us","status":"publish","type":"page","link":"https:\/\/www.technoiseradio.com\/tr\/about-us\/","title":{"rendered":"Hakk\u0131m\u0131zda"},"content":{"rendered":"<h4  data-qtwaypoints-offset=\"30\" data-qtwaypoints>\t\t\t\t#TECHTOGETHER<br \/>\n\t\t\t\t<\/h4>\n<hr>\n<h2 id=\"proradiotabsbfad-wearetechnoise\">\n\t\t\t\t\t\t\t\t\t\t\t\tWe Are TECHNOISE<br \/>\n\t\t\t\t\t\t\t\t\t\t\t<\/h2>\n<h2 id=\"proradiotabsbfaaa-whoarewe\">\n\t\t\t\t\t\t\t\t\t\t\t\t\tWHO ARE WE?<br \/>\n\t\t\t\t\t\t\t\t\t\t\t\t<\/h2>\n<p>Technoise formed its main identity by addressing all the subtitles of electronic music behind the scenes; like the lives of artists off the stage, and the dynamics of the entertainment industry, through interviews with DJs \/ Producers who are experts in their fields on the radio, which was the first platform where music met the audience in electronic media in 1910. Under the leadership of Kiper&nbsp;and F\u0131rat Deniz;&nbsp;who studied radio programming and diction, and who has advanced production and musical instrument knowledge respectively, Technoise has gained a wide team with the formation of visual design, moving visual design, information processing and brand representation divisions over time. It has evolved from the radio station where it broadcasted as a program, into an internet radio and media organization that has been separated from the radio station with its registered name right by the Turkish Patent Institute. Technoise Radio is a self-sufficient, young and dynamic team of 16 people, with an administrative staff of 8 people and Resident DJs of 8 people. It aims deliver art through art with the priority of a free working environment. While, Technoise Radio continues to work as an internet radio with 24\/7 electronic music broadcasting with listeners from various parts of the world, Technoise Media also; provides support services in all matters including PR studies, website design, social media support and digital video\/image design.<\/p>\n<h2  data-qtwaypoints-offset=\"30\" data-qtwaypoints>\t\t\t\tOUR HISTORY<br \/>\n\t\t\t\t<\/h2>\n<p>Technoise, whose seeds were sown in late 2018, officially started broadcasting as the first and only electronic music program on Ankara&#8217;s local radio channel, with the joint venture of F\u0131rat Deniz M\u00fcft\u00fco\u011flu and \u0130brahim Kiper at the beginning of the 2019 season. With its wide music pool consisting of various colors such as Techno, IDM and house sub-styles, it broadcasted electronic music uninterrupted for 14 hours a week at 96.6 frequency on Fridays and Saturdays between 21.00-04.00.<br \/>During this period, Technoise, which consists of two main parts in addition to the music broadcast, offered its listeners a pleasant conversation about electronic music with the Studio Talks Program, and the one-hour set performances of the artists it hosted in the Mix Factory Program were brought to the listeners through its channel.<br \/>At the same time, it is aimed to hold 2 parties a year, one in autumn and one in the first spring, within the scope of the program. In this context, the team came together with its audience at the \u201cTechnoise Premiere\u201d and \u201cTechnoise Radio Showcase\u201d events.<br \/>After it started broadcasting with its own broadcasting principles as Internet Radio, it has created and broadcasted programs of many musical styles in order to appeal to a wide audience as &#8220;Daily Programs&#8221; and &#8220;Showcase Programs&#8221; every day of the week.<br \/>Technoise, in today&#8217;s programs; House, Synthwave, Disco, Lo-Fi, Elektro Jazz and Tekno and their varieties Tech-House, Dub Tekno, Industrial Techno and their genres offer a colorful music menu to its listeners.<br \/>The team, which has its own design identity, also provides media support to 3rd party organizations through art directors.<\/p>\n<p>To be a common platform where electronic music artists and organizations &nbsp;meet with the audience.<\/p>\n<h2  data-qtwaypoints-offset=\"30\" data-qtwaypoints>\t\t\t\tOUR VISION<br \/>\n\t\t\t\t<\/h2>\n<h2  data-qtwaypoints-offset=\"30\" data-qtwaypoints>\t\t\t\tOUR VISION<br \/>\n\t\t\t\t<\/h2>\n<p>To be a common platform where electronic music artists and organizations operating under the umbrella of electronic music meet with the audience.<\/p>\n<h2  data-qtwaypoints-offset=\"30\" data-qtwaypoints>\t\t\t\tOUR MISSION<br \/>\n\t\t\t\t<\/h2>\n<p>Promoting electronic music culture and its products firstly to Turkey then to the world as an art form curated by Technoise Radio.<\/p>\n<h2 id=\"proradiotabsbfac-ourteam\">\n\t\t\t\t\t\t\t\t\t\t\t\tOUR TEAM<br \/>\n\t\t\t\t\t\t\t\t\t\t\t<\/h2>\n<p>\t\t\t\t\t<a href=\"https:\/\/www.technoiseradio.com\/members\/ibrahim-kiper\/\" target=\"\" rel=\"noopener\"><br \/>\n\t\t\t\t\t\t\t\t\t<img src=\"https:\/\/i2.wp.com\/www.technoiseradio.com\/wp-content\/uploads\/2020\/12\/kiper-edit-2-1.jpg?w=1170&#038;ssl=1\" alt=\"Ibrahim Kiper\" data-recalc-dims=\"1\"><\/p>\n<h4>Ibrahim Kiper<\/h4>\n<p>Co-Founder<\/p>\n<p>GO TO PAGE<br \/>\n\t\t<\/a><br \/>\n\t\t\t\t\t<a href=\"https:\/\/www.technoiseradio.com\/members\/firat-deniz-muftuoglu\/\" target=\"\" rel=\"noopener\"><br \/>\n\t\t\t\t\t\t\t\t\t<img src=\"https:\/\/i0.wp.com\/www.technoiseradio.com\/wp-content\/uploads\/2020\/03\/FIRAT2.jpg?w=1170&#038;ssl=1\" alt=\"F\u0131rat Deniz M\u00fcft\u00fco\u011flu\" data-recalc-dims=\"1\"><\/p>\n<h4>F\u0131rat Deniz M\u00fcft\u00fco\u011flu<\/h4>\n<p>Co-Founder<\/p>\n<p>GO TO PAGE<br \/>\n\t\t<\/a><br \/>\n\t\t\t\t\t<a href=\"https:\/\/www.technoiseradio.com\/members\/aleyna-ates\/\" target=\"\" rel=\"noopener\"><br \/>\n\t\t\t\t\t\t\t\t\t<img src=\"https:\/\/i0.wp.com\/www.technoiseradio.com\/wp-content\/uploads\/2020\/03\/BEN2.jpg?w=1170&#038;ssl=1\" alt=\"Aleyna Ate\u015f\" data-recalc-dims=\"1\"><\/p>\n<h4>Aleyna Ate\u015f<\/h4>\n<p>Co-Founder \/ Art Director \/ Visual Designer<\/p>\n<p>GO TO PAGE<br \/>\n\t\t<\/a><br \/>\n\t\t\t\t\t<a href=\"https:\/\/www.technoiseradio.com\/members\/alp-yuksel\/\" target=\"\" rel=\"noopener\"><br \/>\n\t\t\t\t\t\t\t\t\t<img src=\"https:\/\/i2.wp.com\/www.technoiseradio.com\/wp-content\/uploads\/2020\/03\/ALPEDIT.jpg?w=1170&#038;ssl=1\" alt=\"Alp Y\u00fcksel\" data-recalc-dims=\"1\"><\/p>\n<h4>Alp Y\u00fcksel<\/h4>\n<p>Art Director \/ Motion Graphics Designer<\/p>\n<p>GO TO PAGE<br \/>\n\t\t<\/a><br \/>\n\t\t\t\t\t<a href=\"https:\/\/www.technoiseradio.com\/members\/kubilay-kocdemir\/\" target=\"\" rel=\"noopener\"><br \/>\n\t\t\t\t\t\t\t\t\t<img src=\"https:\/\/i0.wp.com\/www.technoiseradio.com\/wp-content\/uploads\/2020\/03\/KUBIEDIT.jpg?w=1170&#038;ssl=1\" alt=\"Kubilay Ko\u00e7demir\" data-recalc-dims=\"1\"><\/p>\n<h4>Kubilay Ko\u00e7demir<\/h4>\n<p>IT Manager<\/p>\n<p>GO TO PAGE<br \/>\n\t\t<\/a><br \/>\n\t\t\t\t\t<a href=\"https:\/\/www.technoiseradio.com\/members\/omer-gulkan\/\" target=\"\" rel=\"noopener\"><br \/>\n\t\t\t\t\t\t\t\t\t<img src=\"https:\/\/i1.wp.com\/www.technoiseradio.com\/wp-content\/uploads\/2020\/12\/IMG-1748-2.jpg?w=1170&#038;ssl=1\" alt=\"\u00d6mer G\u00fclkan\" data-recalc-dims=\"1\"><\/p>\n<h4>\u00d6mer G\u00fclkan<\/h4>\n<p>Music Director<\/p>\n<p>GO TO PAGE<br \/>\n\t\t<\/a><br \/>\n\t\t\t\t\t<a href=\"https:\/\/www.technoiseradio.com\/members\/batuhan-bas\/\" target=\"\" rel=\"noopener\"><br \/>\n\t\t\t\t\t\t\t\t\t<img src=\"https:\/\/i0.wp.com\/www.technoiseradio.com\/wp-content\/uploads\/2021\/02\/WhatsApp-Image-2021-02-09-at-23.34.50.jpeg?w=1170&#038;ssl=1\" alt=\"Batuhan Ba\u015f\" data-recalc-dims=\"1\"><\/p>\n<h4>Batuhan Ba\u015f<\/h4>\n<p>Visual Designer \/ 3D Artist<\/p>\n<p>GO TO PAGE<br \/>\n\t\t<\/a><br \/>\n\t\t\t\t\t<a href=\"https:\/\/www.technoiseradio.com\/members\/defne-mendi\/\" target=\"\" rel=\"noopener\"><br \/>\n\t\t\t\t\t\t\t\t\t<img src=\"https:\/\/i0.wp.com\/www.technoiseradio.com\/wp-content\/uploads\/2022\/03\/BC158C07-0503-48DC-88A1-F2F89B38A445.jpg?w=1170&#038;ssl=1\" alt=\"Defne Mendi\" data-recalc-dims=\"1\"><\/p>\n<h4>Defne Mendi<\/h4>\n<p>Brand \/ Booking Manager<\/p>\n<p>GO TO PAGE<br \/>\n\t\t<\/a><br \/>\n\t\t\t\t\t<a href=\"https:\/\/www.technoiseradio.com\/members\/sezgi-su-karakas\/\" target=\"\" rel=\"noopener\"><br \/>\n\t\t\t\t\t\t\t\t\t<img src=\"https:\/\/i2.wp.com\/www.technoiseradio.com\/wp-content\/uploads\/2022\/03\/99d95ab7-d9e4-4997-8ab7-a447f1edd464.jpg?w=1170&#038;ssl=1\" alt=\"Sezgi Su Karaka\u015f\" data-recalc-dims=\"1\"><\/p>\n<h4>Sezgi Su Karaka\u015f<\/h4>\n<p>Broadcast Coordinator \/ Social Media Manager<\/p>\n<p>GO TO PAGE<br \/>\n\t\t<\/a><br \/>\n\t\t\t\t\t<a href=\"https:\/\/www.technoiseradio.com\/members\/emre-aral\" target=\"\" rel=\"noopener\"><br \/>\n\t\t\t\t\t\t\t\t\t<img src=\"https:\/\/i1.wp.com\/www.technoiseradio.com\/wp-content\/uploads\/2022\/03\/photo.jpg?w=1170&#038;ssl=1\" alt=\"Emre Aral\" data-recalc-dims=\"1\"><\/p>\n<h4>Emre Aral<\/h4>\n<p>Mobile App Developer<\/p>\n<p>GO TO PAGE<br \/>\n\t\t<\/a><br \/>\n\t\t\t\t\t<a href=\"https:\/\/www.technoiseradio.com\/members\/yagmur-acer\/\" target=\"\" rel=\"noopener\"><br \/>\n\t\t\t\t\t\t\t\t\t<img src=\"https:\/\/i1.wp.com\/www.technoiseradio.com\/wp-content\/uploads\/2022\/03\/90E22A19-9E80-4DD3-8975-71D2AC5F2373.jpg?w=1170&#038;ssl=1\" alt=\"Ya\u011fmur Acer\" data-recalc-dims=\"1\"><\/p>\n<h4>Ya\u011fmur Acer<\/h4>\n<p>PR Director<\/p>\n<p>GO TO PAGE<br \/>\n\t\t<\/a><\/p>\n","protected":false},"excerpt":{"rendered":"<p>#TECHTOGETHER We Are TECHNOISE WHO ARE WE? Technoise formed its main identity by addressing all the subtitles of electronic music behind the scenes; like the lives of artists off the stage, and the dynamics of the entertainment industry, through interviews with DJs \/ Producers who are experts in their fields ...<\/p>\n","protected":false},"author":1,"featured_media":0,"parent":0,"menu_order":0,"comment_status":"closed","ping_status":"closed","template":"","meta":{"spay_email":""},"translation":{"provider":"WPGlobus","version":"2.8.8","language":"tr","enabled_languages":["en","tr"],"languages":{"en":{"title":true,"content":true,"excerpt":false},"tr":{"title":true,"content":true,"excerpt":false}}},"acf":[],"yoast_head":"<!-- This site is optimized with the Yoast SEO plugin v17.8 - https:\/\/yoast.com\/wordpress\/plugins\/seo\/ -->\n<title>Hakk\u0131m\u0131zda - TECHNOISE RADIO<\/title>\n<meta name=\"description\" content=\"Meet our team.\" \/>\n<meta name=\"robots\" content=\"index, follow, max-snippet:-1, max-image-preview:large, max-video-preview:-1\" \/>\n<link rel=\"canonical\" href=\"https:\/\/www.technoiseradio.com\/about-us\/\" \/>\n<meta property=\"og:locale\" content=\"tr_TR\" \/>\n<meta property=\"og:type\" content=\"article\" \/>\n<meta property=\"og:title\" content=\"Hakk\u0131m\u0131zda - TECHNOISE RADIO\" \/>\n<meta property=\"og:description\" content=\"Meet our team.\" \/>\n<meta property=\"og:url\" content=\"https:\/\/www.technoiseradio.com\/about-us\/\" \/>\n<meta property=\"og:site_name\" content=\"TECHNOISE RADIO\" \/>\n<meta property=\"article:modified_time\" content=\"2024-12-07T16:32:10+00:00\" \/>\n<meta property=\"og:image\" content=\"https:\/\/www.technoiseradio.com\/wp-content\/uploads\/2020\/12\/kiper-edit-2-1.jpg\" \/>\n<meta name=\"twitter:card\" content=\"summary_large_image\" \/>\n<meta name=\"twitter:label1\" content=\"Tahmini okuma s\u00fcresi\" \/>\n\t<meta name=\"twitter:data1\" content=\"6 dakika\" \/>\n<script type=\"application\/ld+json\" class=\"yoast-schema-graph\">{\"@context\":\"https:\/\/schema.org\",\"@graph\":[{\"@type\":\"Organization\",\"@id\":\"https:\/\/www.technoiseradio.com\/tr\/#organization\",\"name\":\"Technoise Radio\",\"url\":\"https:\/\/www.technoiseradio.com\/tr\/\",\"sameAs\":[],\"logo\":{\"@type\":\"ImageObject\",\"@id\":\"https:\/\/www.technoiseradio.com\/tr\/#logo\",\"inLanguage\":\"tr\",\"url\":\"https:\/\/i1.wp.com\/www.technoiseradio.com\/wp-content\/uploads\/2020\/06\/icon-pp.png?fit=1080%2C1080&ssl=1\",\"contentUrl\":\"https:\/\/i1.wp.com\/www.technoiseradio.com\/wp-content\/uploads\/2020\/06\/icon-pp.png?fit=1080%2C1080&ssl=1\",\"width\":1080,\"height\":1080,\"caption\":\"Technoise Radio\"},\"image\":{\"@id\":\"https:\/\/www.technoiseradio.com\/tr\/#logo\"}},{\"@type\":\"WebSite\",\"@id\":\"https:\/\/www.technoiseradio.com\/tr\/#website\",\"url\":\"https:\/\/www.technoiseradio.com\/tr\/\",\"name\":\"TECHNOISE RADIO\",\"description\":\"Discover the Sound\",\"publisher\":{\"@id\":\"https:\/\/www.technoiseradio.com\/tr\/#organization\"},\"potentialAction\":[{\"@type\":\"SearchAction\",\"target\":{\"@type\":\"EntryPoint\",\"urlTemplate\":\"https:\/\/www.technoiseradio.com\/tr\/?s={search_term_string}\"},\"query-input\":\"required name=search_term_string\"}],\"inLanguage\":\"tr\"},{\"@type\":\"ImageObject\",\"@id\":\"https:\/\/www.technoiseradio.com\/about-us\/#primaryimage\",\"inLanguage\":\"tr\",\"url\":\"https:\/\/i2.wp.com\/www.technoiseradio.com\/wp-content\/uploads\/2020\/12\/kiper-edit-2-1.jpg?fit=1067%2C1034&ssl=1\",\"contentUrl\":\"https:\/\/i2.wp.com\/www.technoiseradio.com\/wp-content\/uploads\/2020\/12\/kiper-edit-2-1.jpg?fit=1067%2C1034&ssl=1\",\"width\":1067,\"height\":1034},{\"@type\":\"WebPage\",\"@id\":\"https:\/\/www.technoiseradio.com\/about-us\/#webpage\",\"url\":\"https:\/\/www.technoiseradio.com\/about-us\/\",\"name\":\"Hakk\\u0131m\\u0131zda - TECHNOISE RADIO\",\"isPartOf\":{\"@id\":\"https:\/\/www.technoiseradio.com\/tr\/#website\"},\"primaryImageOfPage\":{\"@id\":\"https:\/\/www.technoiseradio.com\/about-us\/#primaryimage\"},\"datePublished\":\"2020-03-04T21:31:46+00:00\",\"dateModified\":\"2024-12-07T16:32:10+00:00\",\"description\":\"Meet our team.\",\"breadcrumb\":{\"@id\":\"https:\/\/www.technoiseradio.com\/about-us\/#breadcrumb\"},\"inLanguage\":\"tr\",\"potentialAction\":[{\"@type\":\"ReadAction\",\"target\":[\"https:\/\/www.technoiseradio.com\/about-us\/\"]}]},{\"@type\":\"BreadcrumbList\",\"@id\":\"https:\/\/www.technoiseradio.com\/about-us\/#breadcrumb\",\"itemListElement\":[{\"@type\":\"ListItem\",\"position\":1,\"name\":\"Home\",\"item\":\"https:\/\/www.technoiseradio.com\/\"},{\"@type\":\"ListItem\",\"position\":2,\"name\":\"About Us\"}]}]}<\/script>\n<!-- \/ Yoast SEO plugin. -->","yoast_head_json":{"title":"Hakk\u0131m\u0131zda - TECHNOISE RADIO","description":"Meet our team.","robots":{"index":"index","follow":"follow","max-snippet":"max-snippet:-1","max-image-preview":"max-image-preview:large","max-video-preview":"max-video-preview:-1"},"canonical":"https:\/\/www.technoiseradio.com\/about-us\/","og_locale":"tr_TR","og_type":"article","og_title":"Hakk\u0131m\u0131zda - TECHNOISE RADIO","og_description":"Meet our team.","og_url":"https:\/\/www.technoiseradio.com\/about-us\/","og_site_name":"TECHNOISE RADIO","article_modified_time":"2024-12-07T16:32:10+00:00","og_image":[{"url":"https:\/\/www.technoiseradio.com\/wp-content\/uploads\/2020\/12\/kiper-edit-2-1.jpg"}],"twitter_card":"summary_large_image","twitter_misc":{"Tahmini okuma s\u00fcresi":"6 dakika"},"schema":{"@context":"https:\/\/schema.org","@graph":[{"@type":"Organization","@id":"https:\/\/www.technoiseradio.com\/tr\/#organization","name":"Technoise Radio","url":"https:\/\/www.technoiseradio.com\/tr\/","sameAs":[],"logo":{"@type":"ImageObject","@id":"https:\/\/www.technoiseradio.com\/tr\/#logo","inLanguage":"tr","url":"https:\/\/i1.wp.com\/www.technoiseradio.com\/wp-content\/uploads\/2020\/06\/icon-pp.png?fit=1080%2C1080&ssl=1","contentUrl":"https:\/\/i1.wp.com\/www.technoiseradio.com\/wp-content\/uploads\/2020\/06\/icon-pp.png?fit=1080%2C1080&ssl=1","width":1080,"height":1080,"caption":"Technoise Radio"},"image":{"@id":"https:\/\/www.technoiseradio.com\/tr\/#logo"}},{"@type":"WebSite","@id":"https:\/\/www.technoiseradio.com\/tr\/#website","url":"https:\/\/www.technoiseradio.com\/tr\/","name":"TECHNOISE RADIO","description":"Discover the Sound","publisher":{"@id":"https:\/\/www.technoiseradio.com\/tr\/#organization"},"potentialAction":[{"@type":"SearchAction","target":{"@type":"EntryPoint","urlTemplate":"https:\/\/www.technoiseradio.com\/tr\/?s={search_term_string}"},"query-input":"required name=search_term_string"}],"inLanguage":"tr"},{"@type":"ImageObject","@id":"https:\/\/www.technoiseradio.com\/about-us\/#primaryimage","inLanguage":"tr","url":"https:\/\/i2.wp.com\/www.technoiseradio.com\/wp-content\/uploads\/2020\/12\/kiper-edit-2-1.jpg?fit=1067%2C1034&ssl=1","contentUrl":"https:\/\/i2.wp.com\/www.technoiseradio.com\/wp-content\/uploads\/2020\/12\/kiper-edit-2-1.jpg?fit=1067%2C1034&ssl=1","width":1067,"height":1034},{"@type":"WebPage","@id":"https:\/\/www.technoiseradio.com\/about-us\/#webpage","url":"https:\/\/www.technoiseradio.com\/about-us\/","name":"Hakk\u0131m\u0131zda - TECHNOISE RADIO","isPartOf":{"@id":"https:\/\/www.technoiseradio.com\/tr\/#website"},"primaryImageOfPage":{"@id":"https:\/\/www.technoiseradio.com\/about-us\/#primaryimage"},"datePublished":"2020-03-04T21:31:46+00:00","dateModified":"2024-12-07T16:32:10+00:00","description":"Meet our team.","breadcrumb":{"@id":"https:\/\/www.technoiseradio.com\/about-us\/#breadcrumb"},"inLanguage":"tr","potentialAction":[{"@type":"ReadAction","target":["https:\/\/www.technoiseradio.com\/about-us\/"]}]},{"@type":"BreadcrumbList","@id":"https:\/\/www.technoiseradio.com\/about-us\/#breadcrumb","itemListElement":[{"@type":"ListItem","position":1,"name":"Home","item":"https:\/\/www.technoiseradio.com\/"},{"@type":"ListItem","position":2,"name":"About Us"}]}]}},"_links":{"self":[{"href":"https:\/\/www.technoiseradio.com\/tr\/wp-json\/wp\/v2\/pages\/7478"}],"collection":[{"href":"https:\/\/www.technoiseradio.com\/tr\/wp-json\/wp\/v2\/pages"}],"about":[{"href":"https:\/\/www.technoiseradio.com\/tr\/wp-json\/wp\/v2\/types\/page"}],"author":[{"embeddable":true,"href":"https:\/\/www.technoiseradio.com\/tr\/wp-json\/wp\/v2\/users\/1"}],"replies":[{"embeddable":true,"href":"https:\/\/www.technoiseradio.com\/tr\/wp-json\/wp\/v2\/comments?post=7478"}],"version-history":[{"count":231,"href":"https:\/\/www.technoiseradio.com\/tr\/wp-json\/wp\/v2\/pages\/7478\/revisions"}],"predecessor-version":[{"id":13563,"href":"https:\/\/www.technoiseradio.com\/tr\/wp-json\/wp\/v2\/pages\/7478\/revisions\/13563"}],"wp:attachment":[{"href":"https:\/\/www.technoiseradio.com\/tr\/wp-json\/wp\/v2\/media?parent=7478"}],"curies":[{"name":"wp","href":"https:\/\/api.w.org\/{rel}","templated":true}]}}